{"id":27608,"date":"2025-04-16T09:38:55","date_gmt":"2025-04-16T06:38:55","guid":{"rendered":"https:\/\/interjerainamams.lt\/publicidad\/"},"modified":"2025-04-16T10:48:03","modified_gmt":"2025-04-16T07:48:03","slug":"publicidad","status":"publish","type":"page","link":"https:\/\/interjerainamams.lt\/es\/publicidad\/","title":{"rendered":"Publicidad"},"content":{"rendered":"\t\t<div data-elementor-type=\"wp-page\" data-elementor-id=\"27608\" class=\"elementor elementor-27608 elementor-26922\">\n\t\t\t\t<div class=\"elementor-element elementor-element-4dcb1108 e-flex e-con-boxed e-con e-parent\" data-id=\"4dcb1108\" data-element_type=\"container\">\n\t\t\t\t\t<div class=\"e-con-inner\">\n\t\t<div class=\"elementor-element elementor-element-ef88c32 e-flex e-con-boxed e-con e-child\" data-id=\"ef88c32\" data-element_type=\"container\">\n\t\t\t\t\t<div class=\"e-con-inner\">\n\t\t\t\t<div class=\"elementor-element elementor-element-18a1a2ae elementor-widget elementor-widget-text-editor\" data-id=\"18a1a2ae\" data-element_type=\"widget\" data-widget_type=\"text-editor.default\">\n\t\t\t\t<div class=\"elementor-widget-container\">\n\t\t\t\t\t\t\t\t\t\n<h4>Para publicidad, p\u00f3ngase en contacto con nosotros a trav\u00e9s de este formulario de contacto:<\/h4>\n\t\t\t\t\t\t\t\t<\/div>\n\t\t\t\t<\/div>\n\t\t\t\t<div class=\"elementor-element elementor-element-a616a23 fluent-form-widget-step-header-yes fluent-form-widget-step-progressbar-yes fluentform-widget-submit-button-custom elementor-widget elementor-widget-fluent-form-widget\" data-id=\"a616a23\" data-element_type=\"widget\" data-widget_type=\"fluent-form-widget.default\">\n\t\t\t\t<div class=\"elementor-widget-container\">\n\t\t\t\t\t\n            <div class=\"fluentform-widget-wrapper fluentform-widget-align-default\">\n\n            \n            <div class='fluentform ff-default fluentform_wrapper_9 ffs_default_wrap'><form data-form_id=\"9\" id=\"fluentform_9\" class=\"frm-fluent-form fluent_form_9 ff-el-form-top ff_form_instance_9_1 ff-form-loading ffs_default\" data-form_instance=\"ff_form_instance_9_1\" method=\"POST\" ><fieldset  style=\"border: none!important;margin: 0!important;padding: 0!important;background-color: transparent!important;box-shadow: none!important;outline: none!important; min-inline-size: 100%;\">\n                    <legend class=\"ff_screen_reader_title\" style=\"display: block; margin: 0!important;padding: 0!important;height: 0!important;text-indent: -999999px;width: 0!important;overflow:hidden;\">Forma de contacto<\/legend><input type='hidden' name='__fluent_form_embded_post_id' value='27608' \/><input type=\"hidden\" id=\"_fluentform_9_fluentformnonce\" name=\"_fluentform_9_fluentformnonce\" value=\"c1f3a434a1\" \/><input type=\"hidden\" name=\"_wp_http_referer\" value=\"\/es\/wp-json\/wp\/v2\/pages\/27608\" \/><div data-type=\"name-element\" data-name=\"name\" class=\" ff-field_container ff-name-field-wrapper\" ><div class='ff-t-container'><div class='ff-t-cell '><div class='ff-el-group  ff-el-form-hide_label'><div class=\"ff-el-input--label ff-el-is-required asterisk-right\"><label for='ff_9_name_first_name_' >Nombre<\/label><\/div><div class='ff-el-input--content'><input type=\"text\" name=\"name[first_name]\" id=\"ff_9_name_first_name_\" class=\"ff-el-form-control\" placeholder=\"Nombre\" aria-invalid=\"false\" aria-required=true><\/div><\/div><\/div><\/div><\/div><div class='ff-el-group ff-el-form-hide_label'><div class=\"ff-el-input--label ff-el-is-required asterisk-right\"><label for='ff_9_email' aria-label=\"Correo electr\u00f3nico\">Correo electr\u00f3nico<\/label><\/div><div class='ff-el-input--content'><input type=\"email\" name=\"email\" class=\"ff-el-form-control\" id=\"ff_9_email\" placeholder=\"Correo electr\u00f3nico\" data-name=\"email\"  aria-invalid=\"false\" aria-required=true><\/div><\/div><div class='ff-el-group ff-el-form-hide_label'><div class=\"ff-el-input--label ff-el-is-required asterisk-right\"><label for='ff_9_message' aria-label=\"Mensaje\">Mensaje<\/label><\/div><div class='ff-el-input--content'><textarea aria-invalid=\"false\" aria-required=true name=\"message\" class=\"ff-el-form-control\" id=\"ff_9_message\" placeholder=\"Mensaje\" cols=\"2\" data-name=\"message\" ><\/textarea><\/div><\/div><div class='ff-el-group ff-text-left ff_submit_btn_wrapper'><button type=\"submit\" class=\"ff-btn ff-btn-submit ff-btn-md ff_btn_style\" >Enviar mensaje<\/button><\/div><\/fieldset><\/form><div id='fluentform_9_errors' class='ff-errors-in-stack ff_form_instance_9_1 ff-form-loading_errors ff_form_instance_9_1_errors'><\/div><\/div>        <script type=\"text\/javascript\">\n            window.fluent_form_ff_form_instance_9_1 = {\"id\":\"9\",\"settings\":{\"layout\":{\"labelPlacement\":\"top\",\"asteriskPlacement\":\"asterisk-right\",\"helpMessagePlacement\":\"with_label\",\"errorMessagePlacement\":\"inline\",\"cssClassName\":\"\"},\"restrictions\":{\"denyEmptySubmission\":{\"enabled\":false}}},\"form_instance\":\"ff_form_instance_9_1\",\"form_id_selector\":\"fluentform_9\",\"rules\":{\"name[first_name]\":{\"required\":{\"value\":true,\"message\":\"Este campo es obligatorio\",\"global\":false,\"global_message\":\"\\u0160is laukas yra privalomas\"}},\"name[]\":{\"required\":{\"value\":false,\"message\":\"This field is required\",\"global\":false,\"global_message\":\"\\u0160is laukas yra privalomas\"}},\"email\":{\"required\":{\"value\":true,\"message\":\"Este campo es obligatorio\",\"global\":false,\"global_message\":\"\\u0160is laukas yra privalomas\"},\"email\":{\"value\":1,\"message\":\"Este campo debe contener un correo electr\\u00f3nico v\\u00e1lido\",\"global\":false,\"global_message\":\"\\u0160iame lauke turi b\\u016bti nurodytas galiojantis el. pa\\u0161to adresas\"}},\"message\":{\"required\":{\"value\":true,\"message\":\"Este campo es obligatorio\",\"global\":false,\"global_message\":\"\\u0160is laukas yra privalomas\"}}},\"debounce_time\":300};\n                    <\/script>\n                    <\/div>\n\n            \t\t\t\t<\/div>\n\t\t\t\t<\/div>\n\t\t\t\t\t<\/div>\n\t\t\t\t<\/div>\n\t\t\t\t\t<\/div>\n\t\t\t\t<\/div>\n\t\t\t\t<\/div>\n\t\t","protected":false},"excerpt":{"rendered":"<p>Para publicidad, p\u00f3ngase en contacto con nosotros a trav\u00e9s de este formulario de contacto: Forma de contacto NombreCorreo electr\u00f3nicoMensajeEnviar mensaje<\/p>\n","protected":false},"author":428,"featured_media":0,"parent":0,"menu_order":0,"comment_status":"closed","ping_status":"closed","template":"","meta":{"footnotes":""},"class_list":["post-27608","page","type-page","status-publish","hentry"],"blocksy_meta":[],"_links":{"self":[{"href":"https:\/\/interjerainamams.lt\/es\/wp-json\/wp\/v2\/pages\/27608","targetHints":{"allow":["GET"]}}],"collection":[{"href":"https:\/\/interjerainamams.lt\/es\/wp-json\/wp\/v2\/pages"}],"about":[{"href":"https:\/\/interjerainamams.lt\/es\/wp-json\/wp\/v2\/types\/page"}],"author":[{"embeddable":true,"href":"https:\/\/interjerainamams.lt\/es\/wp-json\/wp\/v2\/users\/428"}],"replies":[{"embeddable":true,"href":"https:\/\/interjerainamams.lt\/es\/wp-json\/wp\/v2\/comments?post=27608"}],"version-history":[{"count":6,"href":"https:\/\/interjerainamams.lt\/es\/wp-json\/wp\/v2\/pages\/27608\/revisions"}],"predecessor-version":[{"id":27805,"href":"https:\/\/interjerainamams.lt\/es\/wp-json\/wp\/v2\/pages\/27608\/revisions\/27805"}],"wp:attachment":[{"href":"https:\/\/interjerainamams.lt\/es\/wp-json\/wp\/v2\/media?parent=27608"}],"curies":[{"name":"wp","href":"https:\/\/api.w.org\/{rel}","templated":true}]}}